{"id":1789,"date":"2024-07-16T06:25:37","date_gmt":"2024-07-16T06:25:37","guid":{"rendered":"https:\/\/aropalvelut.com\/?page_id=1789"},"modified":"2026-03-16T20:49:11","modified_gmt":"2026-03-16T18:49:11","slug":"hae-jaseneksi","status":"publish","type":"page","link":"https:\/\/aropalvelut.com\/ee\/hae-jaseneksi\/","title":{"rendered":"Tule ARO liikmeks"},"content":{"rendered":"\t\t<div data-elementor-type=\"wp-page\" data-elementor-id=\"1789\" class=\"elementor elementor-1789\" data-elementor-post-type=\"page\">\n\t\t\t\t<div class=\"elementor-element elementor-element-f22b01d e-con-full e-flex e-con e-parent\" data-id=\"f22b01d\" data-element_type=\"container\" data-e-type=\"container\">\n\t\t<div class=\"elementor-element elementor-element-59e8869 e-con-full e-flex e-con e-child\" data-id=\"59e8869\" data-element_type=\"container\" data-e-type=\"container\" data-settings=\"{&quot;background_background&quot;:&quot;classic&quot;}\">\n\t\t\t\t<div class=\"elementor-element elementor-element-89557a4 elementor-widget-mobile__width-inherit elementor-widget elementor-widget-heading\" data-id=\"89557a4\" data-element_type=\"widget\" data-e-type=\"widget\" data-widget_type=\"heading.default\">\n\t\t\t\t<div class=\"elementor-widget-container\">\n\t\t\t\t\t<h3 class=\"elementor-heading-title elementor-size-default\">T\u00e4yt\u00e4 j\u00e4senhakemus<\/h3>\t\t\t\t<\/div>\n\t\t\t\t<\/div>\n\t\t\t\t<div class=\"elementor-element elementor-element-5e66491 elementor-widget elementor-widget-text-editor\" data-id=\"5e66491\" data-element_type=\"widget\" data-e-type=\"widget\" data-widget_type=\"text-editor.default\">\n\t\t\t\t<div class=\"elementor-widget-container\">\n\t\t\t\t\t\t\t\t\t<p>Hae mukaan AROlaiseksi, ja nauti suomen suurimman rakennusosuuskunnan j\u00e4senyyden tuomista eduista. AROn j\u00e4senyys edellytt\u00e4\u00e4 riitt\u00e4v\u00e4\u00e4 rakennusalan osaamista ja yritt\u00e4j\u00e4henkisyytt\u00e4. Jokainen hakemus k\u00e4sitell\u00e4\u00e4n, ja sinua informoidaan ratkaisusta 2 p\u00e4iv\u00e4n sis\u00e4ll\u00e4 hakemuksen l\u00e4hett\u00e4misest\u00e4.<\/p>\t\t\t\t\t\t\t\t<\/div>\n\t\t\t\t<\/div>\n\t\t\t\t<div class=\"elementor-element elementor-element-4f165f5 elementor-widget-tablet__width-auto elementor-button-align-stretch elementor-widget elementor-widget-global elementor-global-10279 elementor-widget-form\" data-id=\"4f165f5\" data-element_type=\"widget\" data-e-type=\"widget\" data-settings=\"{&quot;step_next_label&quot;:&quot;Edellinen&quot;,&quot;step_previous_label&quot;:&quot;Seuraava&quot;,&quot;button_width&quot;:&quot;100&quot;,&quot;step_type&quot;:&quot;number_text&quot;,&quot;step_icon_shape&quot;:&quot;circle&quot;}\" data-widget_type=\"form.default\">\n\t\t\t\t<div class=\"elementor-widget-container\">\n\t\t\t\t\t\t\t<form class=\"elementor-form\" method=\"post\" id=\"jasenhakemus2026\" name=\"J\u00e4senhakemus\" aria-label=\"J\u00e4senhakemus\">\n\t\t\t<input type=\"hidden\" name=\"post_id\" value=\"1789\"\/>\n\t\t\t<input type=\"hidden\" name=\"form_id\" value=\"4f165f5\"\/>\n\t\t\t<input type=\"hidden\" name=\"referer_title\" value=\"\" \/>\n\n\t\t\t\n\t\t\t<div class=\"elementor-form-fields-wrapper elementor-labels-above\">\n\t\t\t\t\t\t\t\t<div class=\"elementor-field-type-text elementor-field-group elementor-column elementor-field-group-name elementor-col-50 elementor-field-required elementor-mark-required\">\n\t\t\t\t\t\t\t\t\t\t\t\t<label for=\"form-field-name\" class=\"elementor-field-label\">\n\t\t\t\t\t\t\t\tEtunimi\t\t\t\t\t\t\t<\/label>\n\t\t\t\t\t\t\t\t\t\t\t\t\t\t<input size=\"1\" type=\"text\" name=\"form_fields[name]\" id=\"form-field-name\" class=\"elementor-field elementor-size-sm  elementor-field-textual\" placeholder=\"Etunimi\" required=\"required\">\n\t\t\t\t\t\t\t\t\t\t\t<\/div>\n\t\t\t\t\t\t\t\t<div class=\"elementor-field-type-text elementor-field-group elementor-column elementor-field-group-field_97c574c elementor-col-50 elementor-field-required elementor-mark-required\">\n\t\t\t\t\t\t\t\t\t\t\t\t<label for=\"form-field-field_97c574c\" class=\"elementor-field-label\">\n\t\t\t\t\t\t\t\tSukunimi\t\t\t\t\t\t\t<\/label>\n\t\t\t\t\t\t\t\t\t\t\t\t\t\t<input size=\"1\" type=\"text\" name=\"form_fields[field_97c574c]\" id=\"form-field-field_97c574c\" class=\"elementor-field elementor-size-sm  elementor-field-textual\" placeholder=\"Sukunimi\" required=\"required\">\n\t\t\t\t\t\t\t\t\t\t\t<\/div>\n\t\t\t\t\t\t\t\t<div class=\"elementor-field-type-email elementor-field-group elementor-column elementor-field-group-field_6f9dbdf elementor-col-50 elementor-field-required elementor-mark-required\">\n\t\t\t\t\t\t\t\t\t\t\t\t<label for=\"form-field-field_6f9dbdf\" class=\"elementor-field-label\">\n\t\t\t\t\t\t\t\tEmail\t\t\t\t\t\t\t<\/label>\n\t\t\t\t\t\t\t\t\t\t\t\t\t\t<input size=\"1\" type=\"email\" name=\"form_fields[field_6f9dbdf]\" id=\"form-field-field_6f9dbdf\" class=\"elementor-field elementor-size-sm  elementor-field-textual\" placeholder=\"Email\" required=\"required\">\n\t\t\t\t\t\t\t\t\t\t\t<\/div>\n\t\t\t\t\t\t\t\t<div class=\"elementor-field-type-tel elementor-field-group elementor-column elementor-field-group-email elementor-col-50 elementor-field-required elementor-mark-required\">\n\t\t\t\t\t\t\t\t\t\t\t\t<label for=\"form-field-email\" class=\"elementor-field-label\">\n\t\t\t\t\t\t\t\tPuhelinnumero\t\t\t\t\t\t\t<\/label>\n\t\t\t\t\t\t\t\t<input size=\"1\" type=\"tel\" name=\"form_fields[email]\" id=\"form-field-email\" class=\"elementor-field elementor-size-sm  elementor-field-textual\" placeholder=\"Puhelinnumero\" required=\"required\" pattern=\"[0-9()#&amp;+*-=.]+\" title=\"Only numbers and phone characters (#, -, *, etc) are accepted.\">\n\n\t\t\t\t\t\t<\/div>\n\t\t\t\t\t\t\t\t<div class=\"elementor-field-type-text elementor-field-group elementor-column elementor-field-group-field_0b30925 elementor-col-50 elementor-field-required elementor-mark-required\">\n\t\t\t\t\t\t\t\t\t\t\t\t<label for=\"form-field-field_0b30925\" class=\"elementor-field-label\">\n\t\t\t\t\t\t\t\tKaupunki\t\t\t\t\t\t\t<\/label>\n\t\t\t\t\t\t\t\t\t\t\t\t\t\t<input size=\"1\" type=\"text\" name=\"form_fields[field_0b30925]\" id=\"form-field-field_0b30925\" class=\"elementor-field elementor-size-sm  elementor-field-textual\" placeholder=\"Kaupunki\" required=\"required\">\n\t\t\t\t\t\t\t\t\t\t\t<\/div>\n\t\t\t\t\t\t\t\t<div class=\"elementor-field-type-select elementor-field-group elementor-column elementor-field-group-field_95defbe elementor-col-50\">\n\t\t\t\t\t\t\t\t\t\t\t\t<label for=\"form-field-field_95defbe\" class=\"elementor-field-label\">\n\t\t\t\t\t\t\t\tAsiointikieli\t\t\t\t\t\t\t<\/label>\n\t\t\t\t\t\t\t\t<div class=\"elementor-field elementor-select-wrapper remove-before \">\n\t\t\t<div class=\"select-caret-down-wrapper\">\n\t\t\t\t<svg aria-hidden=\"true\" class=\"e-font-icon-svg e-eicon-caret-down\" viewBox=\"0 0 571.4 571.4\" xmlns=\"http:\/\/www.w3.org\/2000\/svg\"><path d=\"M571 393Q571 407 561 418L311 668Q300 679 286 679T261 668L11 418Q0 407 0 393T11 368 36 357H536Q550 357 561 368T571 393Z\"><\/path><\/svg>\t\t\t<\/div>\n\t\t\t<select name=\"form_fields[field_95defbe]\" id=\"form-field-field_95defbe\" class=\"elementor-field-textual elementor-size-sm\">\n\t\t\t\t\t\t\t\t\t<option value=\"Suomi\">Suomi<\/option>\n\t\t\t\t\t\t\t\t\t<option value=\"Viro\">Viro<\/option>\n\t\t\t\t\t\t\t\t\t<option value=\"Ven\u00e4j\u00e4\">Ven\u00e4j\u00e4<\/option>\n\t\t\t\t\t\t\t\t\t<option value=\"Englanti\">Englanti<\/option>\n\t\t\t\t\t\t\t\t\t<option value=\"Muu\">Muu<\/option>\n\t\t\t\t\t\t\t<\/select>\n\t\t<\/div>\n\t\t\t\t\t\t<\/div>\n\t\t\t\t\t\t\t\t<div class=\"elementor-field-type-select elementor-field-group elementor-column elementor-field-group-field_f162c0d elementor-col-50 elementor-field-required elementor-mark-required\">\n\t\t\t\t\t\t\t\t\t\t\t\t<label for=\"form-field-field_f162c0d\" class=\"elementor-field-label\">\n\t\t\t\t\t\t\t\tOnko sinulla auto k\u00e4yt\u00f6ss\u00e4si?\t\t\t\t\t\t\t<\/label>\n\t\t\t\t\t\t\t\t<div class=\"elementor-field elementor-select-wrapper remove-before \">\n\t\t\t<div class=\"select-caret-down-wrapper\">\n\t\t\t\t<svg aria-hidden=\"true\" class=\"e-font-icon-svg e-eicon-caret-down\" viewBox=\"0 0 571.4 571.4\" xmlns=\"http:\/\/www.w3.org\/2000\/svg\"><path d=\"M571 393Q571 407 561 418L311 668Q300 679 286 679T261 668L11 418Q0 407 0 393T11 368 36 357H536Q550 357 561 368T571 393Z\"><\/path><\/svg>\t\t\t<\/div>\n\t\t\t<select name=\"form_fields[field_f162c0d]\" id=\"form-field-field_f162c0d\" class=\"elementor-field-textual elementor-size-sm\" required=\"required\">\n\t\t\t\t\t\t\t\t\t<option value=\"Pakettiauto\">Pakettiauto<\/option>\n\t\t\t\t\t\t\t\t\t<option value=\"Henkil\u00f6auto\">Henkil\u00f6auto<\/option>\n\t\t\t\t\t\t\t\t\t<option value=\"Ei autoa\">Ei autoa<\/option>\n\t\t\t\t\t\t\t<\/select>\n\t\t<\/div>\n\t\t\t\t\t\t<\/div>\n\t\t\t\t\t\t\t\t<div class=\"elementor-field-type-checkbox elementor-field-group elementor-column elementor-field-group-field_fb6553f elementor-col-100\">\n\t\t\t\t\t\t\t\t\t\t\t\t<label for=\"form-field-field_fb6553f\" class=\"elementor-field-label\">\n\t\t\t\t\t\t\t\tOsaaminen (voit valita useita)\t\t\t\t\t\t\t<\/label>\n\t\t\t\t\t\t<div class=\"elementor-field-subgroup  elementor-subgroup-inline\"><span class=\"elementor-field-option\"><input type=\"checkbox\" value=\"Kirvesmiehen \/ timpurin ty\u00f6t\" id=\"form-field-field_fb6553f-0\" name=\"form_fields[field_fb6553f][]\"> <label for=\"form-field-field_fb6553f-0\">Kirvesmiehen \/ timpurin ty\u00f6t<\/label><\/span><span class=\"elementor-field-option\"><input type=\"checkbox\" value=\"Kalusteasennukset\" id=\"form-field-field_fb6553f-1\" name=\"form_fields[field_fb6553f][]\"> <label for=\"form-field-field_fb6553f-1\">Kalusteasennukset<\/label><\/span><span class=\"elementor-field-option\"><input type=\"checkbox\" value=\"Purkuty\u00f6t\" id=\"form-field-field_fb6553f-2\" name=\"form_fields[field_fb6553f][]\"> <label for=\"form-field-field_fb6553f-2\">Purkuty\u00f6t<\/label><\/span><span class=\"elementor-field-option\"><input type=\"checkbox\" value=\"Laatoitus\" id=\"form-field-field_fb6553f-3\" name=\"form_fields[field_fb6553f][]\"> <label for=\"form-field-field_fb6553f-3\">Laatoitus<\/label><\/span><span class=\"elementor-field-option\"><input type=\"checkbox\" value=\"Muuraus\" id=\"form-field-field_fb6553f-4\" name=\"form_fields[field_fb6553f][]\"> <label for=\"form-field-field_fb6553f-4\">Muuraus<\/label><\/span><span class=\"elementor-field-option\"><input type=\"checkbox\" value=\"Putkity\u00f6t\" id=\"form-field-field_fb6553f-5\" name=\"form_fields[field_fb6553f][]\"> <label for=\"form-field-field_fb6553f-5\">Putkity\u00f6t<\/label><\/span><span class=\"elementor-field-option\"><input type=\"checkbox\" value=\"S\u00e4hk\u00f6ty\u00f6t\" id=\"form-field-field_fb6553f-6\" name=\"form_fields[field_fb6553f][]\"> <label for=\"form-field-field_fb6553f-6\">S\u00e4hk\u00f6ty\u00f6t<\/label><\/span><span class=\"elementor-field-option\"><input type=\"checkbox\" value=\"Maanrakennus\" id=\"form-field-field_fb6553f-7\" name=\"form_fields[field_fb6553f][]\"> <label for=\"form-field-field_fb6553f-7\">Maanrakennus<\/label><\/span><span class=\"elementor-field-option\"><input type=\"checkbox\" value=\"Asbestity\u00f6t\" id=\"form-field-field_fb6553f-8\" name=\"form_fields[field_fb6553f][]\"> <label for=\"form-field-field_fb6553f-8\">Asbestity\u00f6t<\/label><\/span><span class=\"elementor-field-option\"><input type=\"checkbox\" value=\"Kiinteist\u00f6huolto\" id=\"form-field-field_fb6553f-9\" name=\"form_fields[field_fb6553f][]\"> <label for=\"form-field-field_fb6553f-9\">Kiinteist\u00f6huolto<\/label><\/span><span class=\"elementor-field-option\"><input type=\"checkbox\" value=\"Siivousala\" id=\"form-field-field_fb6553f-10\" name=\"form_fields[field_fb6553f][]\"> <label for=\"form-field-field_fb6553f-10\">Siivousala<\/label><\/span><span class=\"elementor-field-option\"><input type=\"checkbox\" value=\"Muu\" id=\"form-field-field_fb6553f-11\" name=\"form_fields[field_fb6553f][]\"> <label for=\"form-field-field_fb6553f-11\">Muu<\/label><\/span><\/div>\t\t\t\t<\/div>\n\t\t\t\t\t\t\t\t<div class=\"elementor-field-type-checkbox elementor-field-group elementor-column elementor-field-group-field_b82ab21 elementor-col-100\">\n\t\t\t\t\t\t\t\t\t\t\t\t<label for=\"form-field-field_b82ab21\" class=\"elementor-field-label\">\n\t\t\t\t\t\t\t\tYritt\u00e4j\u00e4kokemus (voit valita useita)\t\t\t\t\t\t\t<\/label>\n\t\t\t\t\t\t<div class=\"elementor-field-subgroup  elementor-subgroup-inline\"><span class=\"elementor-field-option\"><input type=\"checkbox\" value=\"Yritt\u00e4jyys\" id=\"form-field-field_b82ab21-0\" name=\"form_fields[field_b82ab21][]\"> <label for=\"form-field-field_b82ab21-0\">Yritt\u00e4jyys<\/label><\/span><span class=\"elementor-field-option\"><input type=\"checkbox\" value=\"Kevytyritt\u00e4jyys\" id=\"form-field-field_b82ab21-1\" name=\"form_fields[field_b82ab21][]\"> <label for=\"form-field-field_b82ab21-1\">Kevytyritt\u00e4jyys<\/label><\/span><span class=\"elementor-field-option\"><input type=\"checkbox\" value=\"Osuuskunnan j\u00e4senyys\" id=\"form-field-field_b82ab21-2\" name=\"form_fields[field_b82ab21][]\"> <label for=\"form-field-field_b82ab21-2\">Osuuskunnan j\u00e4senyys<\/label><\/span><span class=\"elementor-field-option\"><input type=\"checkbox\" value=\"Ei yritt\u00e4j\u00e4kokemusta\" id=\"form-field-field_b82ab21-3\" name=\"form_fields[field_b82ab21][]\"> <label for=\"form-field-field_b82ab21-3\">Ei yritt\u00e4j\u00e4kokemusta<\/label><\/span><\/div>\t\t\t\t<\/div>\n\t\t\t\t\t\t\t\t<div class=\"elementor-field-type-textarea elementor-field-group elementor-column elementor-field-group-message elementor-col-100\">\n\t\t\t\t\t\t\t\t\t\t\t\t<label for=\"form-field-message\" class=\"elementor-field-label\">\n\t\t\t\t\t\t\t\tLis\u00e4tietoja\t\t\t\t\t\t\t<\/label>\n\t\t\t\t\t\t<textarea class=\"elementor-field-textual elementor-field  elementor-size-sm\" name=\"form_fields[message]\" id=\"form-field-message\" rows=\"4\" placeholder=\"Lis\u00e4tietoja\"><\/textarea>\t\t\t\t<\/div>\n\t\t\t\t\t\t\t\t<div class=\"elementor-field-type-upload elementor-field-group elementor-column elementor-field-group-field_62c72c4 elementor-col-100\">\n\t\t\t\t\t\t\t\t\t\t\t\t<label for=\"form-field-field_62c72c4\" class=\"elementor-field-label\">\n\t\t\t\t\t\t\t\tLiitteet (referenssit, muut dokumentit)\t\t\t\t\t\t\t<\/label>\n\t\t\t\t\t\t\t\t<input type=\"file\" name=\"form_fields[field_62c72c4][]\" id=\"form-field-field_62c72c4\" class=\"elementor-field elementor-size-sm  elementor-upload-field\" multiple=\"multiple\">\n\n\t\t\t\t\t\t<\/div>\n\t\t\t\t\t\t\t\t<div class=\"elementor-field-group elementor-column elementor-field-type-submit elementor-col-100 e-form__buttons\">\n\t\t\t\t\t<button class=\"elementor-button elementor-size-sm\" type=\"submit\">\n\t\t\t\t\t\t<span class=\"elementor-button-content-wrapper\">\n\t\t\t\t\t\t\t\t\t\t\t\t\t\t\t\t\t\t\t\t\t\t<span class=\"elementor-button-text\">L\u00e4het\u00e4<\/span>\n\t\t\t\t\t\t\t\t\t\t\t\t\t<\/span>\n\t\t\t\t\t<\/button>\n\t\t\t\t<\/div>\n\t\t\t<\/div>\n\t\t<\/form>\n\t\t\t\t\t\t<\/div>\n\t\t\t\t<\/div>\n\t\t\t\t<\/div>\n\t\t<div class=\"elementor-element elementor-element-2a4b305 e-con-full e-flex e-con e-child\" data-id=\"2a4b305\" data-element_type=\"container\" data-e-type=\"container\">\n\t\t<div class=\"elementor-element elementor-element-440e426 e-con-full e-flex e-con e-child\" data-id=\"440e426\" data-element_type=\"container\" data-e-type=\"container\" data-settings=\"{&quot;background_background&quot;:&quot;classic&quot;}\">\n\t\t<div class=\"elementor-element elementor-element-9ebbfde e-con-full elementor-hidden-tablet e-flex e-con e-child\" data-id=\"9ebbfde\" data-element_type=\"container\" data-e-type=\"container\" data-settings=\"{&quot;background_background&quot;:&quot;classic&quot;}\">\n\t\t\t\t<div class=\"elementor-element elementor-element-0b28b3a elementor-widget elementor-widget-heading\" data-id=\"0b28b3a\" data-element_type=\"widget\" data-e-type=\"widget\" data-widget_type=\"heading.default\">\n\t\t\t\t<div class=\"elementor-widget-container\">\n\t\t\t\t\t<h3 class=\"elementor-heading-title elementor-size-default\"><a href=\"https:\/\/aropalvelut.com\/yhteystiedot\/\">Kysymyksi\u00e4 j\u00e4senyydest\u00e4? Ota yhteytt\u00e4!<\/a><\/h3>\t\t\t\t<\/div>\n\t\t\t\t<\/div>\n\t\t\t\t<div class=\"elementor-element elementor-element-6e69b8a elementor-widget elementor-widget-shortcode\" data-id=\"6e69b8a\" data-element_type=\"widget\" data-e-type=\"widget\" data-widget_type=\"shortcode.default\">\n\t\t\t\t<div class=\"elementor-widget-container\">\n\t\t\t\t\t\t\t<div class=\"elementor-shortcode\"><div  data-pre_filled=\"Moikka, minulla on kysymyksi\u00e4 AROn j\u00e4senyydest\u00e4!\" data-style=\"4\" style=\"display: inline; cursor: pointer; z-index: 99999999; \" class=\"ht-ctc-sc ht-ctc-sc-chat sc-style-4 ht-ctc-inline\">\n    <div class=\"ctc_chip ctc-analytics ctc_cta\" style=\"display:inline-flex;;justify-content:center;align-items:center;background-color:#e4e4e4;color:#7f7d7d;padding:0 12px;border-radius:25px;font-size:13px;line-height:32px;\">\n        <span style=\"margin:0 8px 0 -12px;;order:0;\"><svg style=\"pointer-events:none; display: block; height:32px; width:32px;\" width=\"32px\" height=\"32px\" viewBox=\"0 0 1219.547 1225.016\">\n            <path style=\"fill: #E0E0E0;\" fill=\"#E0E0E0\" d=\"M1041.858 178.02C927.206 63.289 774.753.07 612.325 0 277.617 0 5.232 272.298 5.098 606.991c-.039 106.986 27.915 211.42 81.048 303.476L0 1225.016l321.898-84.406c88.689 48.368 188.547 73.855 290.166 73.896h.258.003c334.654 0 607.08-272.346 607.222-607.023.056-162.208-63.052-314.724-177.689-429.463zm-429.533 933.963h-.197c-90.578-.048-179.402-24.366-256.878-70.339l-18.438-10.93-191.021 50.083 51-186.176-12.013-19.087c-50.525-80.336-77.198-173.175-77.16-268.504.111-278.186 226.507-504.503 504.898-504.503 134.812.056 261.519 52.604 356.814 147.965 95.289 95.36 147.728 222.128 147.688 356.948-.118 278.195-226.522 504.543-504.693 504.543z\"\/>\n            <linearGradient id=\"htwaicona-chat-sc\" gradientUnits=\"userSpaceOnUse\" x1=\"609.77\" y1=\"1190.114\" x2=\"609.77\" y2=\"21.084\">\n                <stop offset=\"0\" stop-color=\"#20b038\"\/>\n                <stop offset=\"1\" stop-color=\"#60d66a\"\/>\n            <\/linearGradient>\n            <path style=\"fill: url(#htwaicona-chat-sc);\" fill=\"url(#htwaicona-chat-sc)\" d=\"M27.875 1190.114l82.211-300.18c-50.719-87.852-77.391-187.523-77.359-289.602.133-319.398 260.078-579.25 579.469-579.25 155.016.07 300.508 60.398 409.898 169.891 109.414 109.492 169.633 255.031 169.57 409.812-.133 319.406-260.094 579.281-579.445 579.281-.023 0 .016 0 0 0h-.258c-96.977-.031-192.266-24.375-276.898-70.5l-307.188 80.548z\"\/>\n            <image overflow=\"visible\" opacity=\".08\" width=\"682\" height=\"639\" transform=\"translate(270.984 291.372)\"\/>\n            <path fill-rule=\"evenodd\" clip-rule=\"evenodd\" style=\"fill: #FFFFFF;\" fill=\"#FFF\" d=\"M462.273 349.294c-11.234-24.977-23.062-25.477-33.75-25.914-8.742-.375-18.75-.352-28.742-.352-10 0-26.25 3.758-39.992 18.766-13.75 15.008-52.5 51.289-52.5 125.078 0 73.797 53.75 145.102 61.242 155.117 7.5 10 103.758 166.266 256.203 226.383 126.695 49.961 152.477 40.023 179.977 37.523s88.734-36.273 101.234-71.297c12.5-35.016 12.5-65.031 8.75-71.305-3.75-6.25-13.75-10-28.75-17.5s-88.734-43.789-102.484-48.789-23.75-7.5-33.75 7.516c-10 15-38.727 48.773-47.477 58.773-8.75 10.023-17.5 11.273-32.5 3.773-15-7.523-63.305-23.344-120.609-74.438-44.586-39.75-74.688-88.844-83.438-103.859-8.75-15-.938-23.125 6.586-30.602 6.734-6.719 15-17.508 22.5-26.266 7.484-8.758 9.984-15.008 14.984-25.008 5-10.016 2.5-18.773-1.25-26.273s-32.898-81.67-46.234-111.326z\"\/>\n            <path style=\"fill: #FFFFFF;\" fill=\"#FFF\" d=\"M1036.898 176.091C923.562 62.677 772.859.185 612.297.114 281.43.114 12.172 269.286 12.039 600.137 12 705.896 39.633 809.13 92.156 900.13L7 1211.067l318.203-83.438c87.672 47.812 186.383 73.008 286.836 73.047h.255.003c330.812 0 600.109-269.219 600.25-600.055.055-160.343-62.328-311.108-175.649-424.53zm-424.601 923.242h-.195c-89.539-.047-177.344-24.086-253.93-69.531l-18.227-10.805-188.828 49.508 50.414-184.039-11.875-18.867c-49.945-79.414-76.312-171.188-76.273-265.422.109-274.992 223.906-498.711 499.102-498.711 133.266.055 258.516 52 352.719 146.266 94.195 94.266 146.031 219.578 145.992 352.852-.118 274.999-223.923 498.749-498.899 498.749z\"\/>\n        <\/svg><\/span>\n        <span>Kysy WhatsAppissa<\/span>\n    <\/div>\n<\/div><\/div>\n\t\t\t\t\t\t<\/div>\n\t\t\t\t<\/div>\n\t\t\t\t<\/div>\n\t\t<div class=\"elementor-element elementor-element-5aabc6a e-con-full elementor-hidden-tablet e-flex e-con e-child\" data-id=\"5aabc6a\" data-element_type=\"container\" data-e-type=\"container\" data-settings=\"{&quot;background_background&quot;:&quot;classic&quot;}\">\n\t\t\t\t<div class=\"elementor-element elementor-element-ba8cb3c elementor-widget elementor-widget-heading\" data-id=\"ba8cb3c\" data-element_type=\"widget\" data-e-type=\"widget\" data-widget_type=\"heading.default\">\n\t\t\t\t<div class=\"elementor-widget-container\">\n\t\t\t\t\t<h3 class=\"elementor-heading-title elementor-size-default\"><a href=\"https:\/\/aropalvelut.com\/jaseneksi\/\">Tutustu Aron j\u00e4senyyteen<\/a><\/h3>\t\t\t\t<\/div>\n\t\t\t\t<\/div>\n\t\t\t\t<\/div>\n\t\t\t\t<\/div>\n\t\t\t\t<\/div>\n\t\t\t\t<\/div>\n\t\t\t\t<\/div>\n\t\t","protected":false},"excerpt":{"rendered":"<p>T\u00e4yt\u00e4 j\u00e4senhakemus Hae mukaan AROlaiseksi, ja nauti suomen suurimman rakennusosuuskunnan j\u00e4senyyden tuomista eduista. AROn j\u00e4senyys edellytt\u00e4\u00e4 riitt\u00e4v\u00e4\u00e4 rakennusalan osaamista ja [&hellip;]<\/p>\n","protected":false},"author":1,"featured_media":0,"parent":0,"menu_order":0,"comment_status":"closed","ping_status":"closed","template":"","meta":{"site-sidebar-layout":"no-sidebar","site-content-layout":"page-builder","ast-site-content-layout":"full-width-container","site-content-style":"unboxed","site-sidebar-style":"unboxed","ast-global-header-display":"","ast-banner-title-visibility":"","ast-main-header-display":"","ast-hfb-above-header-display":"","ast-hfb-below-header-display":"","ast-hfb-mobile-header-display":"","site-post-title":"disabled","ast-breadcrumbs-content":"","ast-featured-img":"","footer-sml-layout":"","ast-disable-related-posts":"","theme-transparent-header-meta":"enabled","adv-header-id-meta":"","stick-header-meta":"","header-above-stick-meta":"","header-main-stick-meta":"","header-below-stick-meta":"","astra-migrate-meta-layouts":"set","ast-page-background-enabled":"default","ast-page-background-meta":{"desktop":{"background-color":"","background-image":"","background-repeat":"repeat","background-position":"center center","background-size":"auto","background-attachment":"scroll","background-type":"","background-media":"","overlay-type":"","overlay-color":"","overlay-opacity":"","overlay-gradient":""},"tablet":{"background-color":"","background-image":"","background-repeat":"repeat","background-position":"center center","background-size":"auto","background-attachment":"scroll","background-type":"","background-media":"","overlay-type":"","overlay-color":"","overlay-opacity":"","overlay-gradient":""},"mobile":{"background-color":"","background-image":"","background-repeat":"repeat","background-position":"center center","background-size":"auto","background-attachment":"scroll","background-type":"","background-media":"","overlay-type":"","overlay-color":"","overlay-opacity":"","overlay-gradient":""}},"ast-content-background-meta":{"desktop":{"background-color":"var(--ast-global-color-5)","background-image":"","background-repeat":"repeat","background-position":"center center","background-size":"auto","background-attachment":"scroll","background-type":"","background-media":"","overlay-type":"","overlay-color":"","overlay-opacity":"","overlay-gradient":""},"tablet":{"background-color":"var(--ast-global-color-5)","background-image":"","background-repeat":"repeat","background-position":"center center","background-size":"auto","background-attachment":"scroll","background-type":"","background-media":"","overlay-type":"","overlay-color":"","overlay-opacity":"","overlay-gradient":""},"mobile":{"background-color":"var(--ast-global-color-5)","background-image":"","background-repeat":"repeat","background-position":"center center","background-size":"auto","background-attachment":"scroll","background-type":"","background-media":"","overlay-type":"","overlay-color":"","overlay-opacity":"","overlay-gradient":""}},"footnotes":""},"class_list":["post-1789","page","type-page","status-publish","hentry"],"_links":{"self":[{"href":"https:\/\/aropalvelut.com\/ee\/wp-json\/wp\/v2\/pages\/1789","targetHints":{"allow":["GET"]}}],"collection":[{"href":"https:\/\/aropalvelut.com\/ee\/wp-json\/wp\/v2\/pages"}],"about":[{"href":"https:\/\/aropalvelut.com\/ee\/wp-json\/wp\/v2\/types\/page"}],"author":[{"embeddable":true,"href":"https:\/\/aropalvelut.com\/ee\/wp-json\/wp\/v2\/users\/1"}],"replies":[{"embeddable":true,"href":"https:\/\/aropalvelut.com\/ee\/wp-json\/wp\/v2\/comments?post=1789"}],"version-history":[{"count":73,"href":"https:\/\/aropalvelut.com\/ee\/wp-json\/wp\/v2\/pages\/1789\/revisions"}],"predecessor-version":[{"id":10678,"href":"https:\/\/aropalvelut.com\/ee\/wp-json\/wp\/v2\/pages\/1789\/revisions\/10678"}],"wp:attachment":[{"href":"https:\/\/aropalvelut.com\/ee\/wp-json\/wp\/v2\/media?parent=1789"}],"curies":[{"name":"wp","href":"https:\/\/api.w.org\/{rel}","templated":true}]}}