{"id":3,"date":"2024-07-04T10:18:26","date_gmt":"2024-07-04T10:18:26","guid":{"rendered":"https:\/\/aropalvelut.com\/?page_id=3"},"modified":"2026-01-08T22:57:10","modified_gmt":"2026-01-08T20:57:10","slug":"rekisteri-ja-tietosuojaseloste","status":"publish","type":"page","link":"https:\/\/aropalvelut.com\/ee\/rekisteri-ja-tietosuojaseloste\/","title":{"rendered":"Rekisteri ja tietosuojaseloste"},"content":{"rendered":"<div data-elementor-type=\"wp-page\" data-elementor-id=\"3\" class=\"elementor elementor-3\" data-elementor-post-type=\"page\">\n\t\t\t\t<div class=\"elementor-element elementor-element-6412a3fb e-flex e-con-boxed e-con e-parent\" data-id=\"6412a3fb\" data-element_type=\"container\" data-e-type=\"container\">\n\t\t\t\t\t<div class=\"e-con-inner\">\n\t\t\t\t<div class=\"elementor-element elementor-element-788e25a elementor-widget elementor-widget-heading\" data-id=\"788e25a\" data-element_type=\"widget\" data-e-type=\"widget\" data-widget_type=\"heading.default\">\n\t\t\t\t<div class=\"elementor-widget-container\">\n\t\t\t\t\t<h1 class=\"elementor-heading-title elementor-size-default\">Registri- ja privaatsuspoliitika<\/h1>\t\t\t\t<\/div>\n\t\t\t\t<\/div>\n\t\t\t\t<div class=\"elementor-element elementor-element-24ac4c0f elementor-widget elementor-widget-text-editor\" data-id=\"24ac4c0f\" data-element_type=\"widget\" data-e-type=\"widget\" data-widget_type=\"text-editor.default\">\n\t\t\t\t<div class=\"elementor-widget-container\">\n\t\t\t\t\t\t\t\t\t<header>\n<p><span style=\"font-size: 16px;\">See on ARO Services'i privaatsus- ja andmekaitse avaldus vastavalt ELi \u00fcldisele andmekaitsem\u00e4\u00e4rusele (GDPR). Kehtestatud 20.7.2024.<\/span><\/p>\n<\/header>\n<div>\n<p><strong>1. Kontrollija<\/strong><\/p>\n<p>ARO Palvelut OSK<\/p>\n<p>Turvalaaksonkuja 2, Vantaa<\/p>\n<p>2136297-5<\/p>\n<p>&nbsp;<strong>2. Registri eest vastutav kontaktisik<\/strong><\/p>\n<p>Katariina Komulainen, katariina@palveluneuvonta.com&nbsp;<\/p>\n<p><strong>3. Registri nimi<\/strong><\/p>\n<p>Ettev\u00f5tte turunduse ja teenuste register.<\/p>\n<p><strong>4. Isikuandmete t\u00f6\u00f6tlemise \u00f5iguslik alus ja eesm\u00e4rk<\/strong><\/p>\n<p>Isikuandmete t\u00f6\u00f6tlemise \u00f5iguslik alus ELi isikuandmete kaitse \u00fcldm\u00e4\u00e4ruse kohaselt on isiku n\u00f5usolek teenusega suhtlemiseks sisselogimisel.&nbsp;<\/p>\n<p>Isikuandmete t\u00f6\u00f6tlemise eesm\u00e4rk on turustada ja teavitada klienti teenusest, millest ta on huvitatud.Andmeid kasutatakse ainult selleks, et anda kliendile teavet teenuse kohta, millest ta on huvitatud, pakkumiste kohta, mida ta soovib saada vastavalt teenuste poliitikale, ja pakkumiste kohta, millest ta v\u00f5ib olla huvitatud tulevikus samal teemal.&nbsp;<\/p>\n<p><strong>5. Registri andmete sisu<\/strong><\/p>\n<p>Registrisse salvestatud andmed on j\u00e4rgmised: isiku nimi, kontaktandmed (telefoninumber, e-posti aadress), teave tellitud teenuste ja nende muudatuste kohta, muu teave kliendisuhte ja tellitud teenuste kohta.&nbsp;<\/p>\n<p>Veebisaidi k\u00fclastajate IP-aadresse ja teenuse toimimiseks vajalikke k\u00fcpsiseid t\u00f6\u00f6deldakse \u00f5igustatud huvides, n\u00e4iteks andmete turvalisuse tagamiseks ja veebilehe k\u00fclastajate statistika kogumiseks, kui neid v\u00f5ib pidada isikuandmeteks. Kolmandate osapoolte k\u00fcpsiste kasutamiseks on vaja eraldi n\u00f5usolekut, kui see on vajalik.<\/p>\n<p><strong>6. Regulaarsed teabeallikad<\/strong><\/p>\n<p>Registrisse salvestatud teave saadakse kliendilt n\u00e4iteks veebivormide, e-posti, telefoni, sotsiaalmeedia teenuste, lepingute, kliendikohtumiste ja muude olukordade kaudu, kus klient avaldab oma andmed.<\/p>\n<p>Ettev\u00f5tete ja muude organisatsioonide kontaktisikute andmeid v\u00f5ib koguda ka avalikest allikatest, n\u00e4iteks veebisaitidelt, kataloogiteenustest ja muudest ettev\u00f5tetest.<\/p>\n<p><strong>7. Andmete korrap\u00e4rane avalikustamine ja edastamine v\u00e4ljaspool ELi v\u00f5i EMPd<\/strong><\/p>\n<p>Andmeid ei avaldata regulaarselt teistele osapooltele. Andmeid v\u00f5ib avaldada kliendiga kokkulepitud ulatuses.<\/p>\n<p>Kui teenuse olemus seda n\u00f5uab, v\u00f5ib andmeid edastada kolmandale isikule, n\u00e4iteks t\u00f6\u00f6v\u00f5tjale, pakkumise tegemiseks.&nbsp;<\/p>\n<p><strong>8. Registrikaitse p\u00f5him\u00f5tted<\/strong><\/p>\n<p>Registrit t\u00f6\u00f6deldakse n\u00f5uetekohase hoolikusega ja infos\u00fcsteemides t\u00f6\u00f6deldavad andmed on piisavalt kaitstud. Kui andmeid s\u00e4ilitatakse internetiserveritesse, tagatakse nende riistvara f\u00fc\u00fcsiline ja digitaalne turvalisus piisavalt. Vastutav t\u00f6\u00f6tleja tagab, et salvestatud andmeid ning juurdep\u00e4\u00e4su\u00f5igusi serveritele ja muudele isikuandmete turvalisuse seisukohalt kriitilistele andmetele k\u00e4sitlevad konfidentsiaalselt ja ainult t\u00f6\u00f6tajad, kelle ametijuhend seda ette n\u00e4eb.<\/p>\n<p><strong>9. \u00d5igus tutvuda ja \u00f5igus n\u00f5uda teabe parandamist<\/strong><\/p>\n<p>Igal registrisse kantud isikul on \u00f5igus kontrollida registrisse kantud andmeid ning n\u00f5uda ebat\u00e4psete v\u00f5i puudulike andmete parandamist v\u00f5i t\u00e4iendamist. Kui isik soovib kontrollida tema kohta salvestatud andmeid v\u00f5i taotleda nende parandamist, tuleb taotlus saata kirjalikult vastutavale t\u00f6\u00f6tlejale. Vajaduse korral v\u00f5ib vastutav t\u00f6\u00f6tleja paluda taotlejal t\u00f5endada oma isikut. Vastutav t\u00f6\u00f6tleja vastab kliendile ELi isikuandmete kaitse \u00fcldm\u00e4\u00e4ruses s\u00e4testatud t\u00e4htaja jooksul (\u00fcldjuhul \u00fche kuu jooksul).<\/p>\n<p><strong>10. Muud isikuandmete t\u00f6\u00f6tlemisega seotud \u00f5igused<\/strong><\/p>\n<p>Registrisse kantud isikul on \u00f5igus taotleda teda puudutavate isikuandmete kustutamist registrist (\u201d\u00f5igus olla unustatud\u201d). Andmesubjektidel on ka muud \u00f5igused&nbsp;<a href=\"http:\/\/eur-lex.europa.eu\/legal-content\/FI\/TXT\/?uri=CELEX%3A32016R0679#d1e2144-1-1\" target=\"_blank\" rel=\"noreferrer noopener\">ELi \u00fcldisest andmekaitsem\u00e4\u00e4rusest tulenevad \u00f5igused<\/a>&nbsp;n\u00e4iteks isikuandmete t\u00f6\u00f6tlemise piiramine teatavates olukordades. Taotlused tuleb saata kirjalikult vastutavale t\u00f6\u00f6tlejale. Vajaduse korral v\u00f5ib vastutav t\u00f6\u00f6tleja paluda taotlejal t\u00f5endada oma isikut. Vastutav t\u00f6\u00f6tleja vastab kliendile ELi \u00fcldises andmekaitsem\u00e4\u00e4ruses s\u00e4testatud t\u00e4htaja jooksul (\u00fcldjuhul \u00fche kuu jooksul).<\/p>\n<p><strong>11. Kasutajate j\u00e4lgimine<\/strong><\/p>\n<p>Me kasutame kasutajate j\u00e4lgimist, et j\u00e4lgida, kuidas meie kasutajad meie veebisaidil liiguvad, ja kombineerime need andmed n\u00e4iteks vestluste kaudu kogutud kasutajatega seotud teabega. Me kasutame Etag j\u00e4lgimist, mis tehniliselt erineb k\u00fcpsistel p\u00f5hinevast j\u00e4lgimisest, kuid j\u00e4rgib samu seadusi. Vastavalt GDPR-le tegutseme meie vastutava t\u00f6\u00f6tlejana ja Groweo volitatud t\u00f6\u00f6tlejana. Kui te ei soovi, et teie andmeid s\u00e4ilitatakse, v\u00f5ite taotleda oma andmete kustutamist.<\/p>\n<\/div>\t\t\t\t\t\t\t\t<\/div>\n\t\t\t\t<\/div>\n\t\t\t\t\t<\/div>\n\t\t\t\t<\/div>\n\t\t\t\t<\/div>","protected":false},"excerpt":{"rendered":"<p>Rekisteri- ja tietosuojaseloste T\u00e4m\u00e4 on ARO Palveluiden EU:n yleisen tietosuoja-asetuksen (GDPR) mukainen rekisteri- ja tietosuojaseloste. Laadittu 20.7.2024. 1. Rekisterinpit\u00e4j\u00e4 ARO [&hellip;]<\/p>\n","protected":false},"author":1,"featured_media":2864,"parent":0,"menu_order":0,"comment_status":"closed","ping_status":"open","template":"","meta":{"site-sidebar-layout":"default","site-content-layout":"","ast-site-content-layout":"default","site-content-style":"default","site-sidebar-style":"default","ast-global-header-display":"","ast-banner-title-visibility":"","ast-main-header-display":"","ast-hfb-above-header-display":"","ast-hfb-below-header-display":"","ast-hfb-mobile-header-display":"","site-post-title":"disabled","ast-breadcrumbs-content":"","ast-featured-img":"","footer-sml-layout":"","ast-disable-related-posts":"","theme-transparent-header-meta":"","adv-header-id-meta":"","stick-header-meta":"","header-above-stick-meta":"","header-main-stick-meta":"","header-below-stick-meta":"","astra-migrate-meta-layouts":"set","ast-page-background-enabled":"default","ast-page-background-meta":{"desktop":{"background-color":"","background-image":"","background-repeat":"repeat","background-position":"center center","background-size":"auto","background-attachment":"scroll","background-type":"","background-media":"","overlay-type":"","overlay-color":"","overlay-opacity":"","overlay-gradient":""},"tablet":{"background-color":"","background-image":"","background-repeat":"repeat","background-position":"center center","background-size":"auto","background-attachment":"scroll","background-type":"","background-media":"","overlay-type":"","overlay-color":"","overlay-opacity":"","overlay-gradient":""},"mobile":{"background-color":"","background-image":"","background-repeat":"repeat","background-position":"center center","background-size":"auto","background-attachment":"scroll","background-type":"","background-media":"","overlay-type":"","overlay-color":"","overlay-opacity":"","overlay-gradient":""}},"ast-content-background-meta":{"desktop":{"background-color":"var(--ast-global-color-5)","background-image":"","background-repeat":"repeat","background-position":"center center","background-size":"auto","background-attachment":"scroll","background-type":"","background-media":"","overlay-type":"","overlay-color":"","overlay-opacity":"","overlay-gradient":""},"tablet":{"background-color":"var(--ast-global-color-5)","background-image":"","background-repeat":"repeat","background-position":"center center","background-size":"auto","background-attachment":"scroll","background-type":"","background-media":"","overlay-type":"","overlay-color":"","overlay-opacity":"","overlay-gradient":""},"mobile":{"background-color":"var(--ast-global-color-5)","background-image":"","background-repeat":"repeat","background-position":"center center","background-size":"auto","background-attachment":"scroll","background-type":"","background-media":"","overlay-type":"","overlay-color":"","overlay-opacity":"","overlay-gradient":""}},"footnotes":""},"class_list":["post-3","page","type-page","status-publish","has-post-thumbnail","hentry"],"_links":{"self":[{"href":"https:\/\/aropalvelut.com\/ee\/wp-json\/wp\/v2\/pages\/3","targetHints":{"allow":["GET"]}}],"collection":[{"href":"https:\/\/aropalvelut.com\/ee\/wp-json\/wp\/v2\/pages"}],"about":[{"href":"https:\/\/aropalvelut.com\/ee\/wp-json\/wp\/v2\/types\/page"}],"author":[{"embeddable":true,"href":"https:\/\/aropalvelut.com\/ee\/wp-json\/wp\/v2\/users\/1"}],"replies":[{"embeddable":true,"href":"https:\/\/aropalvelut.com\/ee\/wp-json\/wp\/v2\/comments?post=3"}],"version-history":[{"count":33,"href":"https:\/\/aropalvelut.com\/ee\/wp-json\/wp\/v2\/pages\/3\/revisions"}],"predecessor-version":[{"id":10408,"href":"https:\/\/aropalvelut.com\/ee\/wp-json\/wp\/v2\/pages\/3\/revisions\/10408"}],"wp:featuredmedia":[{"embeddable":true,"href":"https:\/\/aropalvelut.com\/ee\/wp-json\/wp\/v2\/media\/2864"}],"wp:attachment":[{"href":"https:\/\/aropalvelut.com\/ee\/wp-json\/wp\/v2\/media?parent=3"}],"curies":[{"name":"wp","href":"https:\/\/api.w.org\/{rel}","templated":true}]}}